{"id":7,"date":"2023-09-13T05:46:34","date_gmt":"2023-09-13T04:46:34","guid":{"rendered":"http:\/\/vdctestground.fun\/index.php\/cart\/"},"modified":"2024-01-30T21:42:43","modified_gmt":"2024-01-30T21:42:43","slug":"cart","status":"publish","type":"page","link":"https:\/\/vdctestground.fun\/index.php\/cart\/","title":{"rendered":"Cart"},"content":{"rendered":"\t\t<div data-elementor-type=\"wp-page\" data-elementor-id=\"7\" class=\"elementor elementor-7\" data-elementor-post-type=\"page\">\n\t\t\t\t\t\t\t<div class=\"elementor-element elementor-element-d76e54c e-flex e-con-boxed e-con e-parent\" data-id=\"d76e54c\" data-element_type=\"container\" data-settings=\"{&quot;content_width&quot;:&quot;boxed&quot;}\" data-core-v316-plus=\"true\">\n\t\t\t\t\t<div class=\"e-con-inner\">\n\t\t\t\t<div class=\"elementor-element elementor-element-87f4ba0 elementor-widget elementor-widget-heading\" data-id=\"87f4ba0\" data-element_type=\"widget\" data-widget_type=\"heading.default\">\n\t\t\t\t<div class=\"elementor-widget-container\">\n\t\t\t<style>\/*! elementor - v3.17.0 - 08-11-2023 *\/\n.elementor-heading-title{padding:0;margin:0;line-height:1}.elementor-widget-heading .elementor-heading-title[class*=elementor-size-]>a{color:inherit;font-size:inherit;line-height:inherit}.elementor-widget-heading .elementor-heading-title.elementor-size-small{font-size:15px}.elementor-widget-heading .elementor-heading-title.elementor-size-medium{font-size:19px}.elementor-widget-heading .elementor-heading-title.elementor-size-large{font-size:29px}.elementor-widget-heading .elementor-heading-title.elementor-size-xl{font-size:39px}.elementor-widget-heading .elementor-heading-title.elementor-size-xxl{font-size:59px}<\/style><h2 class=\"elementor-heading-title elementor-size-default\">Carrito de compras<\/h2>\t\t<\/div>\n\t\t\t\t<\/div>\n\t\t\t\t\t<\/div>\n\t\t\t\t<\/div>\n\t\t<div class=\"elementor-element elementor-element-d7d8043 e-flex e-con-boxed e-con e-parent\" data-id=\"d7d8043\" data-element_type=\"container\" data-settings=\"{&quot;content_width&quot;:&quot;boxed&quot;}\" data-core-v316-plus=\"true\">\n\t\t\t\t\t<div class=\"e-con-inner\">\n\t\t\t\t\t<\/div>\n\t\t\t\t<\/div>\n\t\t\t\t\t\t\t<\/div>\n\t\t","protected":false},"excerpt":{"rendered":"<p>Carrito de compras Remove item Thumbnail image Product Price Quantity Subtotal &times; MIDOT INTEGRITEST &#8211; B\u00e1sico &#36;25.00 MIDOT INTEGRITEST &#8211; B\u00e1sico quantity &#36;50.00 Actualizar Aplicar cup\u00f3n Total del carrito Subtotal &#36;50.00 VAT &#36;0.00 Total &#36;50.00 Ir al checkout<\/p>\n","protected":false},"author":1,"featured_media":0,"parent":0,"menu_order":0,"comment_status":"closed","ping_status":"closed","template":"","meta":{"footnotes":""},"_links":{"self":[{"href":"https:\/\/vdctestground.fun\/index.php\/wp-json\/wp\/v2\/pages\/7"}],"collection":[{"href":"https:\/\/vdctestground.fun\/index.php\/wp-json\/wp\/v2\/pages"}],"about":[{"href":"https:\/\/vdctestground.fun\/index.php\/wp-json\/wp\/v2\/types\/page"}],"author":[{"embeddable":true,"href":"https:\/\/vdctestground.fun\/index.php\/wp-json\/wp\/v2\/users\/1"}],"replies":[{"embeddable":true,"href":"https:\/\/vdctestground.fun\/index.php\/wp-json\/wp\/v2\/comments?post=7"}],"version-history":[{"count":15,"href":"https:\/\/vdctestground.fun\/index.php\/wp-json\/wp\/v2\/pages\/7\/revisions"}],"predecessor-version":[{"id":845,"href":"https:\/\/vdctestground.fun\/index.php\/wp-json\/wp\/v2\/pages\/7\/revisions\/845"}],"wp:attachment":[{"href":"https:\/\/vdctestground.fun\/index.php\/wp-json\/wp\/v2\/media?parent=7"}],"curies":[{"name":"wp","href":"https:\/\/api.w.org\/{rel}","templated":true}]}}