{"id":21,"date":"2023-09-13T15:42:04","date_gmt":"2023-09-13T14:42:04","guid":{"rendered":"https:\/\/vdctestground.fun\/?post_type=product&#038;p=21"},"modified":"2024-01-29T20:53:16","modified_gmt":"2024-01-29T20:53:16","slug":"comp-test","status":"publish","type":"product","link":"https:\/\/vdctestground.fun\/index.php\/product\/comp-test\/","title":{"rendered":"MIDOT HR AVATAR"},"content":{"rendered":"\t\t<div data-elementor-type=\"product-post\" data-elementor-id=\"21\" class=\"elementor elementor-21\" data-elementor-post-type=\"product\">\n\t\t\t\t\t\t\t<div class=\"elementor-element elementor-element-77e162ef e-flex e-con-boxed e-con e-parent\" data-id=\"77e162ef\" data-element_type=\"container\" data-settings=\"{&quot;content_width&quot;:&quot;boxed&quot;}\" data-core-v316-plus=\"true\">\n\t\t\t\t\t<div class=\"e-con-inner\">\n\t\t\t\t<div class=\"elementor-element elementor-element-5cfa58f2 elementor-widget elementor-widget-text-editor\" data-id=\"5cfa58f2\" data-element_type=\"widget\" data-widget_type=\"text-editor.default\">\n\t\t\t\t<div class=\"elementor-widget-container\">\n\t\t\t<style>\/*! elementor - v3.17.0 - 08-11-2023 *\/\n.elementor-widget-text-editor.elementor-drop-cap-view-stacked .elementor-drop-cap{background-color:#69727d;color:#fff}.elementor-widget-text-editor.elementor-drop-cap-view-framed .elementor-drop-cap{color:#69727d;border:3px solid;background-color:transparent}.elementor-widget-text-editor:not(.elementor-drop-cap-view-default) .elementor-drop-cap{margin-top:8px}.elementor-widget-text-editor:not(.elementor-drop-cap-view-default) .elementor-drop-cap-letter{width:1em;height:1em}.elementor-widget-text-editor .elementor-drop-cap{float:left;text-align:center;line-height:1;font-size:50px}.elementor-widget-text-editor .elementor-drop-cap-letter{display:inline-block}<\/style>\t\t\t\tPruebas psicom\u00e9tricas pre empleo basadas en simulaci\u00f3n animada que mide competencias. A trav\u00e9s de HR AVATAR, eval\u00faas competencias de los candidatos, enfocadas en: Habilidades Cognitivas, Personalidad, Conocimiento y Habilidades e Inteligencia Emocional, mediante una serie de innovadoras simulaciones animadas que presentan situaciones cotidianas del puesto al que est\u00e1n aplicando.\t\t\t\t\t\t<\/div>\n\t\t\t\t<\/div>\n\t\t\t\t\t<\/div>\n\t\t\t\t<\/div>\n\t\t<div class=\"elementor-element elementor-element-98c34fa e-flex e-con-boxed e-con e-parent\" data-id=\"98c34fa\" data-element_type=\"container\" data-settings=\"{&quot;content_width&quot;:&quot;boxed&quot;}\" data-core-v316-plus=\"true\">\n\t\t\t\t\t<div class=\"e-con-inner\">\n\t\t<div class=\"elementor-element elementor-element-0607719 e-flex e-con-boxed e-con e-child\" data-id=\"0607719\" data-element_type=\"container\" data-settings=\"{&quot;content_width&quot;:&quot;boxed&quot;}\">\n\t\t\t\t\t<div class=\"e-con-inner\">\n\t\t\t\t<div class=\"elementor-element elementor-element-803467f elementor-button-warning elementor-widget elementor-widget-button\" data-id=\"803467f\" data-element_type=\"widget\" data-widget_type=\"button.default\">\n\t\t\t\t<div class=\"elementor-widget-container\">\n\t\t\t\t\t<div class=\"elementor-button-wrapper\">\n\t\t\t<a class=\"elementor-button elementor-button-link elementor-size-sm\" href=\"http:\/\/vdctestground.fun\/wp-content\/uploads\/2024\/01\/Versiones-HR-AVATAR-final.pdf\">\n\t\t\t\t\t\t<span class=\"elementor-button-content-wrapper\">\n\t\t\t\t\t\t<span class=\"elementor-button-icon elementor-align-icon-left\">\n\t\t\t\t<i aria-hidden=\"true\" class=\"fas fa-clipboard-check\"><\/i>\t\t\t<\/span>\n\t\t\t\t\t\t<span class=\"elementor-button-text\">Descargar Gu\u00eda de versiones<\/span>\n\t\t<\/span>\n\t\t\t\t\t<\/a>\n\t\t<\/div>\n\t\t\t\t<\/div>\n\t\t\t\t<\/div>\n\t\t\t\t\t<\/div>\n\t\t\t\t<\/div>\n\t\t\t\t\t<\/div>\n\t\t\t\t<\/div>\n\t\t\t\t\t\t\t<\/div>\n\t\t","protected":false},"excerpt":{"rendered":"<p>Pruebas Psicometricas basadas en simulacion animada<\/p>\n","protected":false},"featured_media":667,"template":"","meta":[],"product_cat":[29],"product_tag":[],"_links":{"self":[{"href":"https:\/\/vdctestground.fun\/index.php\/wp-json\/wp\/v2\/product\/21"}],"collection":[{"href":"https:\/\/vdctestground.fun\/index.php\/wp-json\/wp\/v2\/product"}],"about":[{"href":"https:\/\/vdctestground.fun\/index.php\/wp-json\/wp\/v2\/types\/product"}],"version-history":[{"count":8,"href":"https:\/\/vdctestground.fun\/index.php\/wp-json\/wp\/v2\/product\/21\/revisions"}],"predecessor-version":[{"id":796,"href":"https:\/\/vdctestground.fun\/index.php\/wp-json\/wp\/v2\/product\/21\/revisions\/796"}],"wp:featuredmedia":[{"embeddable":true,"href":"https:\/\/vdctestground.fun\/index.php\/wp-json\/wp\/v2\/media\/667"}],"wp:attachment":[{"href":"https:\/\/vdctestground.fun\/index.php\/wp-json\/wp\/v2\/media?parent=21"}],"wp:term":[{"taxonomy":"product_cat","embeddable":true,"href":"https:\/\/vdctestground.fun\/index.php\/wp-json\/wp\/v2\/product_cat?post=21"},{"taxonomy":"product_tag","embeddable":true,"href":"https:\/\/vdctestground.fun\/index.php\/wp-json\/wp\/v2\/product_tag?post=21"}],"curies":[{"name":"wp","href":"https:\/\/api.w.org\/{rel}","templated":true}]}}