{"id":277,"date":"2023-10-25T18:50:57","date_gmt":"2023-10-25T17:50:57","guid":{"rendered":"https:\/\/vdctestground.fun\/?post_type=product&#038;p=277"},"modified":"2024-02-23T18:55:41","modified_gmt":"2024-02-23T18:55:41","slug":"safetytest","status":"publish","type":"product","link":"https:\/\/vdctestground.fun\/index.php\/product\/safetytest\/","title":{"rendered":"MIDOT SAFETYTEST"},"content":{"rendered":"\t\t<div data-elementor-type=\"product-post\" data-elementor-id=\"277\" class=\"elementor elementor-277\" data-elementor-post-type=\"product\">\n\t\t\t\t\t\t\t<div class=\"elementor-element elementor-element-49be9816 e-flex e-con-boxed e-con e-parent\" data-id=\"49be9816\" data-element_type=\"container\" data-settings=\"{&quot;content_width&quot;:&quot;boxed&quot;}\" data-core-v316-plus=\"true\">\n\t\t\t\t\t<div class=\"e-con-inner\">\n\t\t\t\t<div class=\"elementor-element elementor-element-4c70e022 elementor-widget elementor-widget-text-editor\" data-id=\"4c70e022\" data-element_type=\"widget\" data-widget_type=\"text-editor.default\">\n\t\t\t\t<div class=\"elementor-widget-container\">\n\t\t\t<style>\/*! elementor - v3.17.0 - 08-11-2023 *\/\n.elementor-widget-text-editor.elementor-drop-cap-view-stacked .elementor-drop-cap{background-color:#69727d;color:#fff}.elementor-widget-text-editor.elementor-drop-cap-view-framed .elementor-drop-cap{color:#69727d;border:3px solid;background-color:transparent}.elementor-widget-text-editor:not(.elementor-drop-cap-view-default) .elementor-drop-cap{margin-top:8px}.elementor-widget-text-editor:not(.elementor-drop-cap-view-default) .elementor-drop-cap-letter{width:1em;height:1em}.elementor-widget-text-editor .elementor-drop-cap{float:left;text-align:center;line-height:1;font-size:50px}.elementor-widget-text-editor .elementor-drop-cap-letter{display:inline-block}<\/style>\t\t\t\tRecomendado para evaluar los riesgos potenciales de un candidato o colaborador a tener accidentes en su \u00e1mbito laboral, Safetytest eval\u00faa caracter\u00edsticas individuales que contribuyen a identificar personas que representan un mayor riesgo de verse involucrados en futuros accidentes; tambi\u00e9n puede ser utilizada para evaluar empleados e identifica las necesidades individuales de capacitaci\u00f3n.\t\t\t\t\t\t<\/div>\n\t\t\t\t<\/div>\n\t\t\t\t\t<\/div>\n\t\t\t\t<\/div>\n\t\t<div class=\"elementor-element elementor-element-4483351 e-flex e-con-boxed e-con e-parent\" data-id=\"4483351\" data-element_type=\"container\" data-settings=\"{&quot;content_width&quot;:&quot;boxed&quot;}\" data-core-v316-plus=\"true\">\n\t\t\t\t\t<div class=\"e-con-inner\">\n\t\t<div class=\"elementor-element elementor-element-b0387d9 e-flex e-con-boxed e-con e-child\" data-id=\"b0387d9\" data-element_type=\"container\" data-settings=\"{&quot;content_width&quot;:&quot;boxed&quot;}\">\n\t\t\t\t\t<div class=\"e-con-inner\">\n\t\t\t\t<div class=\"elementor-element elementor-element-7e953d6 elementor-button-warning elementor-widget elementor-widget-button\" data-id=\"7e953d6\" data-element_type=\"widget\" data-widget_type=\"button.default\">\n\t\t\t\t<div class=\"elementor-widget-container\">\n\t\t\t\t\t<div class=\"elementor-button-wrapper\">\n\t\t\t<a class=\"elementor-button elementor-size-sm\" role=\"button\">\n\t\t\t\t\t\t<span class=\"elementor-button-content-wrapper\">\n\t\t\t\t\t\t<span class=\"elementor-button-icon elementor-align-icon-left\">\n\t\t\t\t<i aria-hidden=\"true\" class=\"fas fa-clipboard-check\"><\/i>\t\t\t<\/span>\n\t\t\t\t\t\t<span class=\"elementor-button-text\">Descarga la gu\u00eda de versiones<\/span>\n\t\t<\/span>\n\t\t\t\t\t<\/a>\n\t\t<\/div>\n\t\t\t\t<\/div>\n\t\t\t\t<\/div>\n\t\t\t\t\t<\/div>\n\t\t\t\t<\/div>\n\t\t\t\t\t<\/div>\n\t\t\t\t<\/div>\n\t\t\t\t\t\t\t<\/div>\n\t\t","protected":false},"excerpt":{"rendered":"<p>Evaluacion de riesgo de accidentes en el ambiente de trabajo<\/p>\n","protected":false},"featured_media":879,"template":"","meta":[],"product_cat":[30,29],"product_tag":[],"_links":{"self":[{"href":"https:\/\/vdctestground.fun\/index.php\/wp-json\/wp\/v2\/product\/277"}],"collection":[{"href":"https:\/\/vdctestground.fun\/index.php\/wp-json\/wp\/v2\/product"}],"about":[{"href":"https:\/\/vdctestground.fun\/index.php\/wp-json\/wp\/v2\/types\/product"}],"version-history":[{"count":8,"href":"https:\/\/vdctestground.fun\/index.php\/wp-json\/wp\/v2\/product\/277\/revisions"}],"predecessor-version":[{"id":880,"href":"https:\/\/vdctestground.fun\/index.php\/wp-json\/wp\/v2\/product\/277\/revisions\/880"}],"wp:featuredmedia":[{"embeddable":true,"href":"https:\/\/vdctestground.fun\/index.php\/wp-json\/wp\/v2\/media\/879"}],"wp:attachment":[{"href":"https:\/\/vdctestground.fun\/index.php\/wp-json\/wp\/v2\/media?parent=277"}],"wp:term":[{"taxonomy":"product_cat","embeddable":true,"href":"https:\/\/vdctestground.fun\/index.php\/wp-json\/wp\/v2\/product_cat?post=277"},{"taxonomy":"product_tag","embeddable":true,"href":"https:\/\/vdctestground.fun\/index.php\/wp-json\/wp\/v2\/product_tag?post=277"}],"curies":[{"name":"wp","href":"https:\/\/api.w.org\/{rel}","templated":true}]}}