{"id":278,"date":"2023-10-25T18:51:59","date_gmt":"2023-10-25T17:51:59","guid":{"rendered":"https:\/\/vdctestground.fun\/?post_type=product&#038;p=278"},"modified":"2024-02-23T20:21:33","modified_gmt":"2024-02-23T20:21:33","slug":"trustee","status":"publish","type":"product","link":"https:\/\/vdctestground.fun\/index.php\/product\/trustee\/","title":{"rendered":"MIDOT TRUSTEE"},"content":{"rendered":"\t\t<div data-elementor-type=\"product-post\" data-elementor-id=\"278\" class=\"elementor elementor-278\" data-elementor-post-type=\"product\">\n\t\t\t\t\t\t\t<div class=\"elementor-element elementor-element-79a03135 e-flex e-con-boxed e-con e-parent\" data-id=\"79a03135\" data-element_type=\"container\" data-settings=\"{&quot;content_width&quot;:&quot;boxed&quot;}\" data-core-v316-plus=\"true\">\n\t\t\t\t\t<div class=\"e-con-inner\">\n\t\t\t\t<div class=\"elementor-element elementor-element-4534b8fb elementor-widget elementor-widget-text-editor\" data-id=\"4534b8fb\" data-element_type=\"widget\" data-widget_type=\"text-editor.default\">\n\t\t\t\t<div class=\"elementor-widget-container\">\n\t\t\t<style>\/*! elementor - v3.17.0 - 08-11-2023 *\/\n.elementor-widget-text-editor.elementor-drop-cap-view-stacked .elementor-drop-cap{background-color:#69727d;color:#fff}.elementor-widget-text-editor.elementor-drop-cap-view-framed .elementor-drop-cap{color:#69727d;border:3px solid;background-color:transparent}.elementor-widget-text-editor:not(.elementor-drop-cap-view-default) .elementor-drop-cap{margin-top:8px}.elementor-widget-text-editor:not(.elementor-drop-cap-view-default) .elementor-drop-cap-letter{width:1em;height:1em}.elementor-widget-text-editor .elementor-drop-cap{float:left;text-align:center;line-height:1;font-size:50px}.elementor-widget-text-editor .elementor-drop-cap-letter{display:inline-block}<\/style>\t\t\t\tRecomendado para empleados actuales. Identifica niveles de riesgo de empleados tanto en forma individual, como de grupos y su tendencia hacia un comportamiento poco \u00e9tico en el lugar de trabajo. Nivel de satisfacci\u00f3n e identificaci\u00f3n con la empresa y la conciencia de las medidas de seguridad y respeto a los sistemas de control.\t\t\t\t\t\t<\/div>\n\t\t\t\t<\/div>\n\t\t\t\t\t<\/div>\n\t\t\t\t<\/div>\n\t\t<div class=\"elementor-element elementor-element-3322078 e-flex e-con-boxed e-con e-parent\" data-id=\"3322078\" data-element_type=\"container\" data-settings=\"{&quot;content_width&quot;:&quot;boxed&quot;}\" data-core-v316-plus=\"true\">\n\t\t\t\t\t<div class=\"e-con-inner\">\n\t\t\t\t<div class=\"elementor-element elementor-element-a1954a8 elementor-button-warning elementor-widget elementor-widget-button\" data-id=\"a1954a8\" data-element_type=\"widget\" data-widget_type=\"button.default\">\n\t\t\t\t<div class=\"elementor-widget-container\">\n\t\t\t\t\t<div class=\"elementor-button-wrapper\">\n\t\t\t<a class=\"elementor-button elementor-button-link elementor-size-sm\" href=\"http:\/\/vdctestground.fun\/wp-content\/uploads\/2024\/01\/Versiones-TRUSTEE.pdf\">\n\t\t\t\t\t\t<span class=\"elementor-button-content-wrapper\">\n\t\t\t\t\t\t<span class=\"elementor-button-icon elementor-align-icon-left\">\n\t\t\t\t<i aria-hidden=\"true\" class=\"far fa-clipboard\"><\/i>\t\t\t<\/span>\n\t\t\t\t\t\t<span class=\"elementor-button-text\">Descarga gu\u00eda de versiones<\/span>\n\t\t<\/span>\n\t\t\t\t\t<\/a>\n\t\t<\/div>\n\t\t\t\t<\/div>\n\t\t\t\t<\/div>\n\t\t\t\t\t<\/div>\n\t\t\t\t<\/div>\n\t\t\t\t\t\t\t<\/div>\n\t\t","protected":false},"excerpt":{"rendered":"<p>Evaluacion de integridad y compromiso laboral<\/p>\n","protected":false},"featured_media":645,"template":"","meta":[],"product_cat":[30],"product_tag":[],"_links":{"self":[{"href":"https:\/\/vdctestground.fun\/index.php\/wp-json\/wp\/v2\/product\/278"}],"collection":[{"href":"https:\/\/vdctestground.fun\/index.php\/wp-json\/wp\/v2\/product"}],"about":[{"href":"https:\/\/vdctestground.fun\/index.php\/wp-json\/wp\/v2\/types\/product"}],"version-history":[{"count":12,"href":"https:\/\/vdctestground.fun\/index.php\/wp-json\/wp\/v2\/product\/278\/revisions"}],"predecessor-version":[{"id":907,"href":"https:\/\/vdctestground.fun\/index.php\/wp-json\/wp\/v2\/product\/278\/revisions\/907"}],"wp:featuredmedia":[{"embeddable":true,"href":"https:\/\/vdctestground.fun\/index.php\/wp-json\/wp\/v2\/media\/645"}],"wp:attachment":[{"href":"https:\/\/vdctestground.fun\/index.php\/wp-json\/wp\/v2\/media?parent=278"}],"wp:term":[{"taxonomy":"product_cat","embeddable":true,"href":"https:\/\/vdctestground.fun\/index.php\/wp-json\/wp\/v2\/product_cat?post=278"},{"taxonomy":"product_tag","embeddable":true,"href":"https:\/\/vdctestground.fun\/index.php\/wp-json\/wp\/v2\/product_tag?post=278"}],"curies":[{"name":"wp","href":"https:\/\/api.w.org\/{rel}","templated":true}]}}